{"id":273,"date":"2025-06-28T16:37:56","date_gmt":"2025-06-28T14:37:56","guid":{"rendered":"https:\/\/friperieparis.com\/?page_id=273"},"modified":"2025-06-28T16:37:56","modified_gmt":"2025-06-28T14:37:56","slug":"a-propos","status":"publish","type":"page","link":"https:\/\/friperieparis.com\/?page_id=273","title":{"rendered":"A PROPOS"},"content":{"rendered":"\n<h2 class=\"wp-block-heading\">\u00c0 propos de Friperieparis.com<\/h2>\n\n\n\n<p><a href=\"https:\/\/friperieparis.com\/\" target=\"_blank\" rel=\"noreferrer noopener\">Friperieparis.com<\/a>\u00a0est un espace en ligne d\u00e9di\u00e9 \u00e0 la\u00a0<strong>culture vintage<\/strong>, \u00e0 la mise en avant de\u00a0<strong>cr\u00e9ateurs locaux<\/strong>\u00a0et \u00e0 la promotion de la<strong>\u00a0seconde main<\/strong>.<br>L\u2019objectif de la plateforme est de mettre en lumi\u00e8re des projets locaux et responsables, autour de la\u00a0<strong>mode r\u00e9tro, du mobilier ancien, de la d\u00e9co vintage, des cr\u00e9ateurs engag\u00e9s et de la culture du r\u00e9emploi<\/strong>.<\/p>\n\n\n\n<p>\u00c0 travers nos articles, s\u00e9lections et collaborations, nous faisons vivre une communaut\u00e9 passionn\u00e9e de belles pi\u00e8ces, d\u2019objets d\u2019\u00e9poque, de savoir-faire artisanaux et de consommation alternative.<\/p>\n\n\n\n<p><strong>Sujets principaux :\u00a0<\/strong><em>vintage, friperies, antiquit\u00e9s, brocantes, vide grenier, d\u00e9p\u00f4ts-ventes, d\u00e9co r\u00e9tro, mode seconde main, cr\u00e9ateurs locaux, boutiques vintage, lifestyle r\u00e9tro \u2013 Paris, France.<\/em><\/p>\n\n\n\n<h2 class=\"wp-block-heading\" style=\"margin-top:var(--wp--preset--spacing--80)\">Partager votre boutique ou votre blog<\/h2>\n\n\n\n<p>Vous \u00eates une\u00a0<strong>friperie<\/strong>, une\u00a0<strong>boutique d\u2019antiquit\u00e9<\/strong>\u00a0ou vous tenez un blog autour du\u00a0<strong>vintage, de la seconde main ou du design r\u00e9tro<\/strong>\u00a0? Et vous souhaitez donner de la visibilit\u00e9 \u00e0 votre univers ?<\/p>\n\n\n\n<p>Nous vous proposons de figurer sur\u00a0<a href=\"https:\/\/friperieparis.com\/\" target=\"_blank\" rel=\"noreferrer noopener\">Friperieparis.com<\/a>, ainsi que sur nos diff\u00e9rents canaux partenaires, qu\u2019ils soient orient\u00e9s vente ou m\u00e9dia.<\/p>\n\n\n\n<p><strong>Parmi eux :<\/strong><\/p>\n\n\n\n<ul class=\"wp-block-list\">\n<li><a href=\"https:\/\/www.fripari.fr\/\"><strong>Fripari.fr<\/strong><\/a>\u00a0: Un march\u00e9 en ligne pour les pi\u00e8ces uniques : <strong>cr\u00e9ateurs locaux, v\u00eatements vintage, bijoux upcycl\u00e9s et accessoires de beaut\u00e9 \u00e9thique<\/strong> y trouvent leur public.<\/li>\n<\/ul>\n\n\n\n<ul class=\"wp-block-list\">\n<li><strong>Luxantique.lu\u00a0<\/strong>: L\u2019univers digital du mobilier ancien et des objets rares. Pens\u00e9e pour les <strong>collectionneurs, les artisans et les chineurs <\/strong>d\u2019aujourd\u2019hui.<\/li>\n<\/ul>\n\n\n\n<p>Votre pr\u00e9sence peut inclure une vitrine produit, une mise en avant \u00e9ditoriale ou un relais sur nos r\u00e9seaux selon la formule choisie.<\/p>\n\n\n\n<p><strong><em>Ce service est payant :<\/em><\/strong>\u00a0contactez-nous pour conna\u00eetre les tarifs, modalit\u00e9s et formats possibles.<br>Chaque projet est \u00e9tudi\u00e9 individuellement pour garantir une mise en valeur qualitative et coh\u00e9rente avec notre ligne \u00e9ditoriale.<\/p>\n\n\n\n<p>\ud83d\udc49Contact : contact@e-pixee.com<\/p>\n","protected":false},"excerpt":{"rendered":"<p>\u00c0 propos de Friperieparis.com Friperieparis.com\u00a0est un espace en ligne d\u00e9di\u00e9 \u00e0 la\u00a0culture vintage, \u00e0 la mise en avant de\u00a0cr\u00e9ateurs locaux\u00a0et \u00e0 la promotion de la\u00a0seconde main.L\u2019objectif de la plateforme est de mettre en lumi\u00e8re des projets locaux et responsables, autour de la\u00a0mode r\u00e9tro, du mobilier ancien, de la d\u00e9co vintage, des cr\u00e9ateurs engag\u00e9s et de [&hellip;]<\/p>\n","protected":false},"author":1,"featured_media":0,"parent":0,"menu_order":0,"comment_status":"closed","ping_status":"closed","template":"","meta":{"footnotes":""},"class_list":["post-273","page","type-page","status-publish","hentry"],"_links":{"self":[{"href":"https:\/\/friperieparis.com\/index.php?rest_route=\/wp\/v2\/pages\/273","targetHints":{"allow":["GET"]}}],"collection":[{"href":"https:\/\/friperieparis.com\/index.php?rest_route=\/wp\/v2\/pages"}],"about":[{"href":"https:\/\/friperieparis.com\/index.php?rest_route=\/wp\/v2\/types\/page"}],"author":[{"embeddable":true,"href":"https:\/\/friperieparis.com\/index.php?rest_route=\/wp\/v2\/users\/1"}],"replies":[{"embeddable":true,"href":"https:\/\/friperieparis.com\/index.php?rest_route=%2Fwp%2Fv2%2Fcomments&post=273"}],"version-history":[{"count":1,"href":"https:\/\/friperieparis.com\/index.php?rest_route=\/wp\/v2\/pages\/273\/revisions"}],"predecessor-version":[{"id":274,"href":"https:\/\/friperieparis.com\/index.php?rest_route=\/wp\/v2\/pages\/273\/revisions\/274"}],"wp:attachment":[{"href":"https:\/\/friperieparis.com\/index.php?rest_route=%2Fwp%2Fv2%2Fmedia&parent=273"}],"curies":[{"name":"wp","href":"https:\/\/api.w.org\/{rel}","templated":true}]}}