{"id":266,"date":"2025-06-28T16:29:07","date_gmt":"2025-06-28T14:29:07","guid":{"rendered":"https:\/\/friperieparis.com\/?page_id=266"},"modified":"2025-06-28T16:30:22","modified_gmt":"2025-06-28T14:30:22","slug":"mentions-legales-informations","status":"publish","type":"page","link":"https:\/\/friperieparis.com\/?page_id=266","title":{"rendered":"Mentions l\u00e9gales &amp; Informations"},"content":{"rendered":"\n<h2 class=\"wp-block-heading\">Mentions l\u00e9gales<\/h2>\n\n\n\n<p>Ce site est \u00e9dit\u00e9 par l\u2019agence\u00a0<a href=\"https:\/\/www.e-pixee.com\/\">E-pixee.com<\/a>,<br>H\u00e9berg\u00e9 par OVH \u2013 2 rue Kellermann \u2013 59100 Roubaix \u2013 France.<br>Responsable de la publication :\u00a0<a href=\"https:\/\/www.e-pixee.com\/\">E-pixee.com<\/a><\/p>\n\n\n\n<h2 class=\"wp-block-heading\" style=\"margin-top:60px;margin-bottom:0px\">Un site cr\u00e9\u00e9 par l\u2019agence E-pixee<\/h2>\n\n\n\n<p>Ce site a \u00e9t\u00e9 con\u00e7u par\u00a0<a href=\"https:\/\/www.e-pixee.com\/\">E-pixee.com<\/a>,\u00a0<strong>agence cr\u00e9ative sp\u00e9cialis\u00e9e en communication visuelle, webdesign et branding<\/strong>.<br>Active au Luxembourg et en Europe francophone, E-pixee accompagne des structures de toutes tailles dans la cr\u00e9ation de leur<strong>\u00a0identit\u00e9 de marque<\/strong>, la conception de\u00a0<strong>sites web \u00e9l\u00e9gants, performants et responsive<\/strong>, ainsi que dans le d\u00e9veloppement de<strong>\u00a0strat\u00e9gies de communication authentiques<\/strong>.<\/p>\n\n\n\n<p>L\u2019agence travaille avec des entreprises, artisans, artistes, associations, collectivit\u00e9s et cr\u00e9ateurs ind\u00e9pendants, dans une logique de\u00a0<strong>co-cr\u00e9ation, d\u2019\u00e9coute et de valorisation du sens<\/strong>.<\/p>\n\n\n\n<p>\ud83d\udc49 Envie de lancer votre projet ou refaire votre site ?<br>\ud83d\udce9 Contactez l\u2019\u00e9quipe : contact@e-pixee.com<br>\ud83c\udf10\u00a0<a href=\"https:\/\/www.e-pixee.com\/\">www.e-pixee.com<\/a><\/p>\n\n\n\n<h2 class=\"wp-block-heading\" style=\"margin-top:var(--wp--preset--spacing--80)\">Vous avez besoin d\u2019un site ou d\u2019une identit\u00e9 visuelle ?<\/h2>\n\n\n\n<p>E-pixee accompagne aussi les professionnels du vintage et de la cr\u00e9ation dans leur pr\u00e9sence en ligne :<\/p>\n\n\n\n<ul class=\"wp-block-list\">\n<li><strong>Cr\u00e9ation de site internet :<\/strong>\u00a0vitrine, e-commerce, blog, multisite<\/li>\n\n\n\n<li><strong>Design &amp; branding :<\/strong>\u00a0logo, charte graphique, supports marketing<\/li>\n\n\n\n<li><strong>R\u00e9f\u00e9rencement &amp; SEA :\u00a0<\/strong>SEO on-page, campagnes Google Ads<\/li>\n\n\n\n<li><strong>Community management :\u00a0<\/strong>contenu social, animation de communaut\u00e9<\/li>\n<\/ul>\n\n\n\n<p>Faites appel \u00e0 une \u00e9quipe cr\u00e9ative et \u00e0 l\u2019\u00e9coute, qui comprend vos besoins et vos valeurs. (Audit gratuit et un devis personnalis\u00e9.)<\/p>\n\n\n\n<p>\ud83d\udc49 www.e-pixee.com<\/p>\n","protected":false},"excerpt":{"rendered":"<p>Mentions l\u00e9gales Ce site est \u00e9dit\u00e9 par l\u2019agence\u00a0E-pixee.com,H\u00e9berg\u00e9 par OVH \u2013 2 rue Kellermann \u2013 59100 Roubaix \u2013 France.Responsable de la publication :\u00a0E-pixee.com Un site cr\u00e9\u00e9 par l\u2019agence E-pixee Ce site a \u00e9t\u00e9 con\u00e7u par\u00a0E-pixee.com,\u00a0agence cr\u00e9ative sp\u00e9cialis\u00e9e en communication visuelle, webdesign et branding.Active au Luxembourg et en Europe francophone, E-pixee accompagne des structures de toutes [&hellip;]<\/p>\n","protected":false},"author":1,"featured_media":0,"parent":0,"menu_order":0,"comment_status":"closed","ping_status":"closed","template":"","meta":{"footnotes":""},"class_list":["post-266","page","type-page","status-publish","hentry"],"_links":{"self":[{"href":"https:\/\/friperieparis.com\/index.php?rest_route=\/wp\/v2\/pages\/266","targetHints":{"allow":["GET"]}}],"collection":[{"href":"https:\/\/friperieparis.com\/index.php?rest_route=\/wp\/v2\/pages"}],"about":[{"href":"https:\/\/friperieparis.com\/index.php?rest_route=\/wp\/v2\/types\/page"}],"author":[{"embeddable":true,"href":"https:\/\/friperieparis.com\/index.php?rest_route=\/wp\/v2\/users\/1"}],"replies":[{"embeddable":true,"href":"https:\/\/friperieparis.com\/index.php?rest_route=%2Fwp%2Fv2%2Fcomments&post=266"}],"version-history":[{"count":3,"href":"https:\/\/friperieparis.com\/index.php?rest_route=\/wp\/v2\/pages\/266\/revisions"}],"predecessor-version":[{"id":269,"href":"https:\/\/friperieparis.com\/index.php?rest_route=\/wp\/v2\/pages\/266\/revisions\/269"}],"wp:attachment":[{"href":"https:\/\/friperieparis.com\/index.php?rest_route=%2Fwp%2Fv2%2Fmedia&parent=266"}],"curies":[{"name":"wp","href":"https:\/\/api.w.org\/{rel}","templated":true}]}}